{"id":16012,"date":"2026-01-22T18:30:48","date_gmt":"2026-01-22T18:30:48","guid":{"rendered":"https:\/\/g5manumix.cl\/?post_type=product&#038;p=16012"},"modified":"2026-01-22T18:30:48","modified_gmt":"2026-01-22T18:30:48","slug":"total-90-school","status":"publish","type":"product","link":"https:\/\/g5manumix.cl\/index.php\/producto\/total-90-school\/","title":{"rendered":"TOTAL 90 SCHOOL"},"content":{"rendered":"<p><span dir=\"auto\">Agilidad ligera<\/span><\/p>\n<p><span dir=\"auto\">Siente el bal\u00f3n<\/span><\/p>\n<p><span dir=\"auto\">Toque basado en datos<\/span><\/p>\n<p><span dir=\"auto\">Tabla de tallas:<\/span><\/p>\n<p><span dir=\"auto\">39 Euro = 5.5 UK = 24.5 cm<\/span><\/p>\n<p><span dir=\"auto\">40 Euro = 7 EE. UU. = 6 UK = 25 cm<\/span><\/p>\n<p><span dir=\"auto\">41 euros = 8 d\u00f3lares estadounidenses = 7 d\u00f3lares brit\u00e1nicos = 26 cm<\/span><\/p>\n<p><span dir=\"auto\">42 euros = US 8,5 = UK 7,5 = 26,5 cm<\/span><\/p>\n<p><span dir=\"auto\">43 euros = US 9,5 = UK 8,5 = 27,5 cm<\/span><\/p>\n<p><span dir=\"auto\">44 euros = 10 d\u00f3lares estadounidenses = 9 d\u00f3lares brit\u00e1nicos = 28 cm<\/span><\/p>\n<p><span dir=\"auto\">45 euros = US11 = UK10 = 29 cm<\/span><\/p>\n<p><span dir=\"auto\">Elige tu talla con cuidado. Si compras una talla incorrecta, no se realizar\u00e1 ning\u00fan reembolso. Gracias.<\/span><\/p>\n","protected":false},"excerpt":{"rendered":"<p><span dir=\"auto\">Agilidad ligera<\/span><\/p>\n<p><span dir=\"auto\">Siente el bal\u00f3n<\/span><\/p>\n<p><span dir=\"auto\">Toque basado en datos<\/span><\/p>\n<p><span dir=\"auto\">Tabla de tallas:<\/span><\/p>\n<p><span dir=\"auto\">39 Euro = 5.5 UK = 24.5 cm<\/span><\/p>\n<p><span dir=\"auto\">40 Euro = 7 EE. UU. = 6 UK = 25 cm<\/span><\/p>\n<p><span dir=\"auto\">41 euros = 8 d\u00f3lares estadounidenses = 7 d\u00f3lares brit\u00e1nicos = 26 cm<\/span><\/p>\n<p><span dir=\"auto\">42 euros = US 8,5 = UK 7,5 = 26,5 cm<\/span><\/p>\n<p><span dir=\"auto\">43 euros = US 9,5 = UK 8,5 = 27,5 cm<\/span><\/p>\n<p><span dir=\"auto\">44 euros = 10 d\u00f3lares estadounidenses = 9 d\u00f3lares brit\u00e1nicos = 28 cm<\/span><\/p>\n<p><span dir=\"auto\">45 euros = US11 = UK10 = 29 cm<\/span><\/p>\n<p><span dir=\"auto\">Elige tu talla con cuidado. Si compras una talla incorrecta, no se realizar\u00e1 ning\u00fan reembolso. Gracias.<\/span><\/p>\n","protected":false},"featured_media":16000,"template":"","meta":{"_joinchat":[]},"product_brand":[],"product_cat":[200],"product_tag":[],"class_list":{"0":"post-16012","1":"product","2":"type-product","3":"status-publish","4":"has-post-thumbnail","6":"product_cat-promo-marzo","8":"first","9":"instock","10":"sale","11":"shipping-taxable","12":"purchasable","13":"product-type-simple"},"_links":{"self":[{"href":"https:\/\/g5manumix.cl\/index.php\/wp-json\/wp\/v2\/product\/16012","targetHints":{"allow":["GET"]}}],"collection":[{"href":"https:\/\/g5manumix.cl\/index.php\/wp-json\/wp\/v2\/product"}],"about":[{"href":"https:\/\/g5manumix.cl\/index.php\/wp-json\/wp\/v2\/types\/product"}],"version-history":[{"count":1,"href":"https:\/\/g5manumix.cl\/index.php\/wp-json\/wp\/v2\/product\/16012\/revisions"}],"predecessor-version":[{"id":16013,"href":"https:\/\/g5manumix.cl\/index.php\/wp-json\/wp\/v2\/product\/16012\/revisions\/16013"}],"wp:featuredmedia":[{"embeddable":true,"href":"https:\/\/g5manumix.cl\/index.php\/wp-json\/wp\/v2\/media\/16000"}],"wp:attachment":[{"href":"https:\/\/g5manumix.cl\/index.php\/wp-json\/wp\/v2\/media?parent=16012"}],"wp:term":[{"taxonomy":"product_brand","embeddable":true,"href":"https:\/\/g5manumix.cl\/index.php\/wp-json\/wp\/v2\/product_brand?post=16012"},{"taxonomy":"product_cat","embeddable":true,"href":"https:\/\/g5manumix.cl\/index.php\/wp-json\/wp\/v2\/product_cat?post=16012"},{"taxonomy":"product_tag","embeddable":true,"href":"https:\/\/g5manumix.cl\/index.php\/wp-json\/wp\/v2\/product_tag?post=16012"}],"curies":[{"name":"wp","href":"https:\/\/api.w.org\/{rel}","templated":true}]}}