{"id":15913,"date":"2025-06-11T21:18:37","date_gmt":"2025-06-11T21:18:37","guid":{"rendered":"https:\/\/g5manumix.cl\/?post_type=product&#038;p=15913"},"modified":"2025-06-11T21:18:39","modified_gmt":"2025-06-11T21:18:39","slug":"21695313-voe21695313-20814604-ecu-del-motor-programado-para-maquinas-volvo","status":"publish","type":"product","link":"https:\/\/g5manumix.cl\/index.php\/producto\/21695313-voe21695313-20814604-ecu-del-motor-programado-para-maquinas-volvo\/","title":{"rendered":"21695313 VOE21695313 20814604 ECU del motor programado para m\u00e1quinas Volvo"},"content":{"rendered":"<p><strong>Descripci\u00f3n del Producto<\/strong><\/p>\n<p>El controlador ECU 21695313 est\u00e1 dise\u00f1ado y programado espec\u00edficamente para controlar los motores de la maquinaria Volvo. Tiene una buena compatibilidad para adaptarse a varios modelos de m\u00e1quinas Volvo, como Volvo EC330B, EC360B, EC460B, EC240C, EC330C, EC460C, G930, G946 y m\u00e1s.\u00a0Si no encontr\u00f3 el modelo que est\u00e1 buscando, cu\u00e9ntanos por chat en vivo o correo electr\u00f3nico.<\/p>\n<p><strong><b>Presupuesto<\/b><\/strong><\/p>\n<div class=\"table-wrapper\">\n<table width=\"100%\">\n<tbody>\n<tr>\n<td><strong>Nombre de parte<\/strong><\/td>\n<td>Controlador ECU del motor<\/td>\n<td><strong>Peso del producto<\/strong><\/td>\n<td>3.0 kg<\/td>\n<\/tr>\n<tr>\n<td><strong>N\u00famero de parte<\/strong><\/td>\n<td>21695313, VOE21695313<\/p>\n<p>20814604, VOE20814604<\/td>\n<td><strong>Voltaje<\/strong><\/td>\n<td>N \/ A<\/td>\n<\/tr>\n<tr>\n<td><strong>Condici\u00f3n<\/strong><\/td>\n<td>Aftermarket nuevo<\/td>\n<td><strong>Dimensiones del producto<\/strong><\/td>\n<td>27.5*23.5*6cm<\/td>\n<\/tr>\n<tr>\n<td><strong>Garant\u00eda<\/strong><\/td>\n<td>12 meses<\/td>\n<td><strong>Dimensiones de env\u00edo<\/strong><\/td>\n<td>31*28*7cm<\/td>\n<\/tr>\n<tr>\n<td><strong>Pa\u00eds natal<\/strong><\/td>\n<td>Porcelana<\/td>\n<td><strong>Marca<\/strong><\/td>\n<td>Sinocmp<\/td>\n<\/tr>\n<\/tbody>\n<\/table>\n<\/div>\n<ul>\n<li><strong>Gu\u00eda de compra:\u00a0<\/strong>Env\u00ede una imagen de su m\u00e1quina de identificaci\u00f3n para que podamos procesar su pedido de manera r\u00e1pida y precisa.<\/li>\n<li><strong>Env\u00edo y entrega:\u00a0<\/strong>Su paquete se enviar\u00e1 dentro de 2-3 d\u00edas h\u00e1biles. Una vez que el pedido haya enviado, recibir\u00e1 un correo electr\u00f3nico con un enlace para rastrear su progreso.<\/li>\n<\/ul>\n<p><strong>Modelos compatibles:<br \/>\n<\/strong><br \/>\nG930\/G946\/G970\/G990\/L220\/FL150E\/L150F\/L180E\/L180F\/L350F\/EC330B\/EC360B\/EC4 1643ge\/ A25D\/FM12\/D12\/VNL\/Cami\u00f3n Nissan<\/p>\n","protected":false},"excerpt":{"rendered":"<p><strong>Descripci\u00f3n del Producto<\/strong><\/p>\n<p>El controlador ECU 21695313 est\u00e1 dise\u00f1ado y programado espec\u00edficamente para controlar los motores de la maquinaria Volvo. Tiene una buena compatibilidad para adaptarse a varios modelos de m\u00e1quinas Volvo, como Volvo EC330B, EC360B, EC460B, EC240C, EC330C, EC460C, G930, G946 y m\u00e1s.\u00a0Si no encontr\u00f3 el modelo que est\u00e1 buscando, cu\u00e9ntanos por chat en vivo o correo electr\u00f3nico.<\/p>\n<p><strong><b>Presupuesto<\/b><\/strong><\/p>\n<div class=\"table-wrapper\">\n<table width=\"100%\">\n<tbody>\n<tr>\n<td><strong>Nombre de parte<\/strong><\/td>\n<td>Controlador ECU del motor<\/td>\n<td><strong>Peso del producto<\/strong><\/td>\n<td>3.0 kg<\/td>\n<\/tr>\n<tr>\n<td><strong>N\u00famero de parte<\/strong><\/td>\n<td>21695313, VOE21695313<\/p>\n<p>20814604, VOE20814604<\/td>\n<td><strong>Voltaje<\/strong><\/td>\n<td>N \/ A<\/td>\n<\/tr>\n<tr>\n<td><strong>Condici\u00f3n<\/strong><\/td>\n<td>Aftermarket nuevo<\/td>\n<td><strong>Dimensiones del producto<\/strong><\/td>\n<td>27.5*23.5*6cm<\/td>\n<\/tr>\n<tr>\n<td><strong>Garant\u00eda<\/strong><\/td>\n<td>12 meses<\/td>\n<td><strong>Dimensiones de env\u00edo<\/strong><\/td>\n<td>31*28*7cm<\/td>\n<\/tr>\n<tr>\n<td><strong>Pa\u00eds natal<\/strong><\/td>\n<td>Porcelana<\/td>\n<td><strong>Marca<\/strong><\/td>\n<td>Sinocmp<\/td>\n<\/tr>\n<\/tbody>\n<\/table>\n<\/div>\n<ul>\n<li><strong>Gu\u00eda de compra:\u00a0<\/strong>Env\u00ede una imagen de su m\u00e1quina de identificaci\u00f3n para que podamos procesar su pedido de manera r\u00e1pida y precisa.<\/li>\n<li><strong>Env\u00edo y entrega:\u00a0<\/strong>Su paquete se enviar\u00e1 dentro de 2-3 d\u00edas h\u00e1biles. Una vez que el pedido haya enviado, recibir\u00e1 un correo electr\u00f3nico con un enlace para rastrear su progreso.<\/li>\n<\/ul>\n<p><strong>Modelos compatibles:<br \/>\n<\/strong><br \/>\nG930\/G946\/G970\/G990\/L220\/FL150E\/L150F\/L180E\/L180F\/L350F\/EC330B\/EC360B\/EC4 1643ge\/ A25D\/FM12\/D12\/VNL\/Cami\u00f3n Nissan<\/p>\n","protected":false},"featured_media":0,"template":"","meta":{"_joinchat":[]},"product_brand":[],"product_cat":[188],"product_tag":[],"class_list":{"0":"post-15913","1":"product","2":"type-product","3":"status-publish","5":"product_cat-promocion","7":"first","8":"instock","9":"shipping-taxable","10":"product-type-simple"},"_links":{"self":[{"href":"https:\/\/g5manumix.cl\/index.php\/wp-json\/wp\/v2\/product\/15913","targetHints":{"allow":["GET"]}}],"collection":[{"href":"https:\/\/g5manumix.cl\/index.php\/wp-json\/wp\/v2\/product"}],"about":[{"href":"https:\/\/g5manumix.cl\/index.php\/wp-json\/wp\/v2\/types\/product"}],"version-history":[{"count":1,"href":"https:\/\/g5manumix.cl\/index.php\/wp-json\/wp\/v2\/product\/15913\/revisions"}],"predecessor-version":[{"id":15915,"href":"https:\/\/g5manumix.cl\/index.php\/wp-json\/wp\/v2\/product\/15913\/revisions\/15915"}],"wp:attachment":[{"href":"https:\/\/g5manumix.cl\/index.php\/wp-json\/wp\/v2\/media?parent=15913"}],"wp:term":[{"taxonomy":"product_brand","embeddable":true,"href":"https:\/\/g5manumix.cl\/index.php\/wp-json\/wp\/v2\/product_brand?post=15913"},{"taxonomy":"product_cat","embeddable":true,"href":"https:\/\/g5manumix.cl\/index.php\/wp-json\/wp\/v2\/product_cat?post=15913"},{"taxonomy":"product_tag","embeddable":true,"href":"https:\/\/g5manumix.cl\/index.php\/wp-json\/wp\/v2\/product_tag?post=15913"}],"curies":[{"name":"wp","href":"https:\/\/api.w.org\/{rel}","templated":true}]}}