{"id":15910,"date":"2025-06-11T21:17:30","date_gmt":"2025-06-11T21:17:30","guid":{"rendered":"https:\/\/g5manumix.cl\/?post_type=product&#038;p=15910"},"modified":"2025-06-11T21:17:32","modified_gmt":"2025-06-11T21:17:32","slug":"14518349-14514090-controlador-de-motor-v-ecu-para-excavadoras-de-generacion-volvo-b","status":"publish","type":"product","link":"https:\/\/g5manumix.cl\/index.php\/producto\/14518349-14514090-controlador-de-motor-v-ecu-para-excavadoras-de-generacion-volvo-b\/","title":{"rendered":"14518349 14514090 Controlador de motor V-ECU para excavadoras de generaci\u00f3n Volvo B"},"content":{"rendered":"<p><strong>Descripci\u00f3n del Producto<\/strong><\/p>\n<p>El 14518349\u00a0Controlador de motor V-ECU\u00a0est\u00e1 espec\u00edficamente dise\u00f1ado y programado para controlar el flujo de la bomba hidr\u00e1ulica, el acelerador y la velocidad. Tiene una buena compatibilidad para adaptarse a varios modelos de m\u00e1quina Volvo, como Volvo\u00a0EC210B, EC240B, EC290B,EC330B,\u00a0y m\u00e1s. Si no encontr\u00f3 el modelo que est\u00e1 buscando, cu\u00e9ntanos por chat en vivo o correo electr\u00f3nico.<\/p>\n<p>&nbsp;<\/p>\n<p><strong><b>Especificaciones<\/b><\/strong><\/p>\n<ul>\n<li><strong>Nombre de la parte:<\/strong>\u00a0Controlador de motor V-ECU<\/li>\n<li><strong>N\u00famero de pieza:\u00a0<\/strong>14518349, VOE14518349, 14514090, VOE14514090<\/li>\n<li><strong>Condici\u00f3n:<\/strong>Percareante nuevo y programado. Para demandas espec\u00edficas, cont\u00e1ctenos.<\/li>\n<li><strong>Garant\u00eda:<\/strong>12 meses<\/li>\n<li><strong>Gu\u00eda de compra:<\/strong>Env\u00ede una imagen de su m\u00e1quina de identificaci\u00f3n para que podamos procesar su pedido de manera r\u00e1pida y precisa.<\/li>\n<\/ul>\n<p>&nbsp;<\/p>\n<p><strong>M\u00e1s detalles<\/strong><\/p>\n<ul>\n<li><strong>Peso del Producto:<\/strong>3.5 kg<\/li>\n<li><strong>Dimensiones del producto:<\/strong>28*24.5*6cm<\/li>\n<li><strong>Dimensiones de env\u00edo:<\/strong>40*31*14cm<\/li>\n<li><strong>Voltaje:<\/strong>24 V<\/li>\n<li><strong>Tipo de inyecci\u00f3n de combustible:<\/strong>Inyecci\u00f3n el\u00e9ctrica + inyecci\u00f3n directa<\/li>\n<li><strong>Material:<\/strong>Aluminio + PCB<\/li>\n<li><strong>Marca:<\/strong>Sinocmp<\/li>\n<li><strong>Pa\u00eds de origen:<\/strong>Porcelana<\/li>\n<li><strong>Env\u00edo y Entrega:<\/strong>\u00a0Su paquete se enviar\u00e1 dentro de 2-3 d\u00edas h\u00e1biles. Una vez que el pedido haya enviado, recibir\u00e1 un correo electr\u00f3nico con un enlace para rastrear su progreso.<\/li>\n<\/ul>\n<p>&nbsp;<\/p>\n<p><strong>Modelos compatibles<\/strong><\/p>\n<p>EC140B\/EC160B\/EC180B\/EC210B\/EC240B\/EC290B\/EC330B\/EC360B\/EC460B\/EC700B<\/p>\n","protected":false},"excerpt":{"rendered":"<p><strong>Descripci\u00f3n del Producto<\/strong><\/p>\n<p>El 14518349\u00a0Controlador de motor V-ECU\u00a0est\u00e1 espec\u00edficamente dise\u00f1ado y programado para controlar el flujo de la bomba hidr\u00e1ulica, el acelerador y la velocidad. Tiene una buena compatibilidad para adaptarse a varios modelos de m\u00e1quina Volvo, como Volvo\u00a0EC210B, EC240B, EC290B,EC330B,\u00a0y m\u00e1s. Si no encontr\u00f3 el modelo que est\u00e1 buscando, cu\u00e9ntanos por chat en vivo o correo electr\u00f3nico.<\/p>\n<p>&nbsp;<\/p>\n<p><strong><b>Especificaciones<\/b><\/strong><\/p>\n<ul>\n<li><strong>Nombre de la parte:<\/strong>\u00a0Controlador de motor V-ECU<\/li>\n<li><strong>N\u00famero de pieza:\u00a0<\/strong>14518349, VOE14518349, 14514090, VOE14514090<\/li>\n<li><strong>Condici\u00f3n:<\/strong>Percareante nuevo y programado. Para demandas espec\u00edficas, cont\u00e1ctenos.<\/li>\n<li><strong>Garant\u00eda:<\/strong>12 meses<\/li>\n<li><strong>Gu\u00eda de compra:<\/strong>Env\u00ede una imagen de su m\u00e1quina de identificaci\u00f3n para que podamos procesar su pedido de manera r\u00e1pida y precisa.<\/li>\n<\/ul>\n<p>&nbsp;<\/p>\n<p><strong>M\u00e1s detalles<\/strong><\/p>\n<ul>\n<li><strong>Peso del Producto:<\/strong>3.5 kg<\/li>\n<li><strong>Dimensiones del producto:<\/strong>28*24.5*6cm<\/li>\n<li><strong>Dimensiones de env\u00edo:<\/strong>40*31*14cm<\/li>\n<li><strong>Voltaje:<\/strong>24 V<\/li>\n<li><strong>Tipo de inyecci\u00f3n de combustible:<\/strong>Inyecci\u00f3n el\u00e9ctrica + inyecci\u00f3n directa<\/li>\n<li><strong>Material:<\/strong>Aluminio + PCB<\/li>\n<li><strong>Marca:<\/strong>Sinocmp<\/li>\n<li><strong>Pa\u00eds de origen:<\/strong>Porcelana<\/li>\n<li><strong>Env\u00edo y Entrega:<\/strong>\u00a0Su paquete se enviar\u00e1 dentro de 2-3 d\u00edas h\u00e1biles. Una vez que el pedido haya enviado, recibir\u00e1 un correo electr\u00f3nico con un enlace para rastrear su progreso.<\/li>\n<\/ul>\n<p>&nbsp;<\/p>\n<p><strong>Modelos compatibles<\/strong><\/p>\n<p>EC140B\/EC160B\/EC180B\/EC210B\/EC240B\/EC290B\/EC330B\/EC360B\/EC460B\/EC700B<\/p>\n","protected":false},"featured_media":0,"template":"","meta":{"_joinchat":[]},"product_brand":[],"product_cat":[188],"product_tag":[],"class_list":{"0":"post-15910","1":"product","2":"type-product","3":"status-publish","5":"product_cat-promocion","7":"first","8":"instock","9":"shipping-taxable","10":"product-type-simple"},"_links":{"self":[{"href":"https:\/\/g5manumix.cl\/index.php\/wp-json\/wp\/v2\/product\/15910","targetHints":{"allow":["GET"]}}],"collection":[{"href":"https:\/\/g5manumix.cl\/index.php\/wp-json\/wp\/v2\/product"}],"about":[{"href":"https:\/\/g5manumix.cl\/index.php\/wp-json\/wp\/v2\/types\/product"}],"version-history":[{"count":1,"href":"https:\/\/g5manumix.cl\/index.php\/wp-json\/wp\/v2\/product\/15910\/revisions"}],"predecessor-version":[{"id":15912,"href":"https:\/\/g5manumix.cl\/index.php\/wp-json\/wp\/v2\/product\/15910\/revisions\/15912"}],"wp:attachment":[{"href":"https:\/\/g5manumix.cl\/index.php\/wp-json\/wp\/v2\/media?parent=15910"}],"wp:term":[{"taxonomy":"product_brand","embeddable":true,"href":"https:\/\/g5manumix.cl\/index.php\/wp-json\/wp\/v2\/product_brand?post=15910"},{"taxonomy":"product_cat","embeddable":true,"href":"https:\/\/g5manumix.cl\/index.php\/wp-json\/wp\/v2\/product_cat?post=15910"},{"taxonomy":"product_tag","embeddable":true,"href":"https:\/\/g5manumix.cl\/index.php\/wp-json\/wp\/v2\/product_tag?post=15910"}],"curies":[{"name":"wp","href":"https:\/\/api.w.org\/{rel}","templated":true}]}}