{"id":15907,"date":"2025-06-11T21:16:15","date_gmt":"2025-06-11T21:16:15","guid":{"rendered":"https:\/\/g5manumix.cl\/?post_type=product&#038;p=15907"},"modified":"2025-06-11T21:16:18","modified_gmt":"2025-06-11T21:16:18","slug":"60100000-voe60100000-controlador-ecu-para-volvo-excavators-cargers-graders","status":"publish","type":"product","link":"https:\/\/g5manumix.cl\/index.php\/producto\/60100000-voe60100000-controlador-ecu-para-volvo-excavators-cargers-graders\/","title":{"rendered":"60100000 VOE60100000 Controlador ECU para Volvo Excavators Cargers Graders"},"content":{"rendered":"<p><strong>Descripci\u00f3n del Producto<\/p>\n<p><\/strong>El controlador ECU 60100000 est\u00e1 dise\u00f1ado y programado espec\u00edficamente para controlar la inyecci\u00f3n de combustible del motor. Tiene buena compatibilidad para adaptarse a varios modelos de m\u00e1quinas Volvo, como Volvo EC210B, EC240B, EC290B, EC210C, EC240C, EC220D, EC300D y m\u00e1s. Si no encontr\u00f3 el modelo que busca, inf\u00f3rmenos a trav\u00e9s del chat en vivo o por correo electr\u00f3nico.<\/p>\n<p><strong>Presupuesto<\/strong><\/p>\n<p><strong>Nombre de la pieza:\u00a0<\/strong>Panel de control<br \/>\n<strong>N\u00famero de pieza:\u00a0<\/strong>60100000 VOE60100000<br \/>\n<strong>Condici\u00f3n:\u00a0<\/strong>Mercado de accesorios nuevo y programado. Para demandas espec\u00edficas, por favor cont\u00e1ctenos.<br \/>\n<strong>Voltaje:\u00a0<\/strong>24V.<br \/>\n<strong>Garant\u00eda:<\/strong>\u00a012 meses<br \/>\n<strong>Tipo de inyecci\u00f3n de combustible:<\/strong>Inyecci\u00f3n el\u00e9ctrica<\/p>\n<p><strong>M\u00e1s detalles<\/strong><\/p>\n<p><strong>Peso del producto:\u00a0<\/strong>3 kilos<br \/>\n<strong>Dimensiones del producto:<\/strong>\u00a027,5*23,5*6cm<br \/>\n<strong>Dimensi\u00f3n de embalaje:<\/strong>\u00a031*28*7cm<br \/>\n<strong>Material:\u00a0<\/strong>Aluminio + PCB<br \/>\n<strong>Marca:<\/strong>\u00a0SINOCMP<br \/>\n<strong>Pa\u00eds natal:<\/strong>\u00a0Porcelana<\/p>\n<p><strong>Gu\u00eda de compra:\u00a0<\/strong>Env\u00ede una imagen de la placa de identificaci\u00f3n de su m\u00e1quina para que podamos procesar su pedido de manera r\u00e1pida y precisa.<br \/>\n<strong>Env\u00edo y entrega:\u00a0<\/strong>Su paquete ser\u00e1 enviado dentro de 2-3 d\u00edas h\u00e1biles. Una vez que se haya enviado el pedido, recibir\u00e1 un correo electr\u00f3nico con un enlace para seguir su progreso.<\/p>\n<p><strong>Modelos compatibles<\/strong><\/p>\n<p>EC210B\/EC240B\/EC290B EC140C\/EC160C\/EC180C\/EC210C\/EC235C\/EC240C\/EC290C EC220D\/EC250D\/EC300D L60F\/L70F\/L90F\/L110F\/ G930\/G940\/G960 EW145B\/EW140C \/EW160C\/EW180C<\/p>\n","protected":false},"excerpt":{"rendered":"<p><strong>Descripci\u00f3n del Producto<\/p>\n<p><\/strong>El controlador ECU 60100000 est\u00e1 dise\u00f1ado y programado espec\u00edficamente para controlar la inyecci\u00f3n de combustible del motor. Tiene buena compatibilidad para adaptarse a varios modelos de m\u00e1quinas Volvo, como Volvo EC210B, EC240B, EC290B, EC210C, EC240C, EC220D, EC300D y m\u00e1s. Si no encontr\u00f3 el modelo que busca, inf\u00f3rmenos a trav\u00e9s del chat en vivo o por correo electr\u00f3nico.<\/p>\n<p><strong>Presupuesto<\/strong><\/p>\n<p><strong>Nombre de la pieza:\u00a0<\/strong>Panel de control<br \/>\n<strong>N\u00famero de pieza:\u00a0<\/strong>60100000 VOE60100000<br \/>\n<strong>Condici\u00f3n:\u00a0<\/strong>Mercado de accesorios nuevo y programado. Para demandas espec\u00edficas, por favor cont\u00e1ctenos.<br \/>\n<strong>Voltaje:\u00a0<\/strong>24V.<br \/>\n<strong>Garant\u00eda:<\/strong>\u00a012 meses<br \/>\n<strong>Tipo de inyecci\u00f3n de combustible:<\/strong>Inyecci\u00f3n el\u00e9ctrica<\/p>\n<p><strong>M\u00e1s detalles<\/strong><\/p>\n<p><strong>Peso del producto:\u00a0<\/strong>3 kilos<br \/>\n<strong>Dimensiones del producto:<\/strong>\u00a027,5*23,5*6cm<br \/>\n<strong>Dimensi\u00f3n de embalaje:<\/strong>\u00a031*28*7cm<br \/>\n<strong>Material:\u00a0<\/strong>Aluminio + PCB<br \/>\n<strong>Marca:<\/strong>\u00a0SINOCMP<br \/>\n<strong>Pa\u00eds natal:<\/strong>\u00a0Porcelana<\/p>\n<p><strong>Gu\u00eda de compra:\u00a0<\/strong>Env\u00ede una imagen de la placa de identificaci\u00f3n de su m\u00e1quina para que podamos procesar su pedido de manera r\u00e1pida y precisa.<br \/>\n<strong>Env\u00edo y entrega:\u00a0<\/strong>Su paquete ser\u00e1 enviado dentro de 2-3 d\u00edas h\u00e1biles. Una vez que se haya enviado el pedido, recibir\u00e1 un correo electr\u00f3nico con un enlace para seguir su progreso.<\/p>\n<p><strong>Modelos compatibles<\/strong><\/p>\n<p>EC210B\/EC240B\/EC290B EC140C\/EC160C\/EC180C\/EC210C\/EC235C\/EC240C\/EC290C EC220D\/EC250D\/EC300D L60F\/L70F\/L90F\/L110F\/ G930\/G940\/G960 EW145B\/EW140C \/EW160C\/EW180C<\/p>\n","protected":false},"featured_media":0,"template":"","meta":{"_joinchat":[]},"product_brand":[],"product_cat":[188],"product_tag":[],"class_list":{"0":"post-15907","1":"product","2":"type-product","3":"status-publish","5":"product_cat-promocion","7":"first","8":"instock","9":"shipping-taxable","10":"product-type-simple"},"_links":{"self":[{"href":"https:\/\/g5manumix.cl\/index.php\/wp-json\/wp\/v2\/product\/15907","targetHints":{"allow":["GET"]}}],"collection":[{"href":"https:\/\/g5manumix.cl\/index.php\/wp-json\/wp\/v2\/product"}],"about":[{"href":"https:\/\/g5manumix.cl\/index.php\/wp-json\/wp\/v2\/types\/product"}],"version-history":[{"count":1,"href":"https:\/\/g5manumix.cl\/index.php\/wp-json\/wp\/v2\/product\/15907\/revisions"}],"predecessor-version":[{"id":15909,"href":"https:\/\/g5manumix.cl\/index.php\/wp-json\/wp\/v2\/product\/15907\/revisions\/15909"}],"wp:attachment":[{"href":"https:\/\/g5manumix.cl\/index.php\/wp-json\/wp\/v2\/media?parent=15907"}],"wp:term":[{"taxonomy":"product_brand","embeddable":true,"href":"https:\/\/g5manumix.cl\/index.php\/wp-json\/wp\/v2\/product_brand?post=15907"},{"taxonomy":"product_cat","embeddable":true,"href":"https:\/\/g5manumix.cl\/index.php\/wp-json\/wp\/v2\/product_cat?post=15907"},{"taxonomy":"product_tag","embeddable":true,"href":"https:\/\/g5manumix.cl\/index.php\/wp-json\/wp\/v2\/product_tag?post=15907"}],"curies":[{"name":"wp","href":"https:\/\/api.w.org\/{rel}","templated":true}]}}